{"id":126,"date":"2020-08-20T18:22:36","date_gmt":"2020-08-20T18:22:36","guid":{"rendered":"http:\/\/www.tmddanismanlik.com\/?page_id=126"},"modified":"2024-01-15T11:45:48","modified_gmt":"2024-01-15T11:45:48","slug":"danismanlik","status":"publish","type":"page","link":"https:\/\/www.tmddanismanlik.com\/index.php\/danismanlik\/","title":{"rendered":"Dan\u0131\u015fmanl\u0131k"},"content":{"rendered":"\n<p>Kurumumuzda yer alan akademisyenlerimiz ile sizlerin kurumsal olarak ihtiya\u00e7 duydu\u011fu her t\u00fcrl\u00fc profesyonel deste\u011fi de vermekteyiz:<\/p>\n\n\n\n<p><strong>F\u0130NANSAL DANI\u015eMANLIK<\/strong><\/p>\n\n\n\n<p>\u015eirketler Grubu ve Holding stat\u00fcs\u00fcndeki m\u00fc\u015fterilerimize\u00a0Finansal Dan\u0131\u015fmanl\u0131k Hizmetleri\u00a0kapsam\u0131nda a\u015fa\u011f\u0131daki \u00e7\u00f6z\u00fcmleri sunar\u0131z.<br>\u015eirketlerin\u00a0finansal\u00a0a\u00e7\u0131dan de\u011ferlendirilerek en uygun y\u00f6netim stratejisinin belirlenmesi konusunda dan\u0131\u015fmanl\u0131k verilmesi,\u00a0<\/p>\n\n\n\n<p>Finans S\u00fcre\u00e7lerinin Verimlili\u011fi ve mevcut sermayenin ve&nbsp;finansal&nbsp;kaynaklar\u0131n verimli ve karl\u0131&nbsp;finansal&nbsp;ara\u00e7larda de\u011ferlendirilmesi konusunda firma ortak ve yetkililerinin y\u00f6nlendirilmesi,<\/p>\n\n\n\n<p>Finansal&nbsp;i\u015fleyi\u015f modeli tasar\u0131m\u0131,<\/p>\n\n\n\n<p>\u015eirketler grubunuz i\u00e7inde yer alan b\u00fct\u00fcn firmalar\u0131n sahip oldu\u011fu sermayelerin faaliyet&nbsp; alanlar\u0131na ve hedeflerine uygun yap\u0131da ve tutarda belirlenip belirlenmedi\u011finin kontrol edilmesi,<\/p>\n\n\n\n<p>Maliyet y\u00f6netimi ve karl\u0131l\u0131\u011f\u0131 analizi,<\/p>\n\n\n\n<p>Fon giri\u015f ve \u00e7\u0131k\u0131\u015flar\u0131 aras\u0131ndaki zaman uyumunu sa\u011flayarak genel finansman dengesinin korunmas\u0131n\u0131 i\u00e7in haftal\u0131k, ayl\u0131k ve Y\u0131ll\u0131k finansal planlama yapmak,&nbsp;<\/p>\n\n\n\n<p>Kontrol s\u00fcrecinin kurulmas\u0131na destek olmak ve sonucunda sapmalar\u0131 analiz edilerek gereken \u00f6nlemlerin zaman\u0131nda al\u0131nmas\u0131n\u0131 sa\u011flamak,<\/p>\n\n\n\n<p>T\u00fcm fon giri\u015f ve \u00e7\u0131k\u0131\u015flar\u0131n\u0131 vadeler itibar\u0131yla hedeflere uygun tan\u0131mlanmas\u0131n\u0131 sa\u011flanmas\u0131,<\/p>\n\n\n\n<p><strong>F\u0130NANSAL DANI\u015eMANLIK ANA S\u00dcRE\u00c7LER\u0130M\u0130Z.<\/strong><\/p>\n\n\n\n<ul type=\"1\">\n<li><strong>\u0130htiya\u00e7 Analizi ve De\u011ferlendirme:<\/strong>\n<ul>\n<li>\u015eirketin hedefleri, stratejileri ve risk tolerans\u0131n\u0131n belirlenmesi.<\/li>\n\n\n\n<li>\u015eirketin finansal durumunun de\u011ferlendirilmesi.<\/li>\n\n\n\n<li>Finansal hedeflere ula\u015fmak i\u00e7in gerekli kaynaklar\u0131n belirlenmesi.<\/li>\n<\/ul>\n<\/li>\n\n\n\n<li><strong>Finansal Planlama:<\/strong>\n<ul>\n<li>B\u00fct\u00e7e olu\u015fturma ve y\u00f6netimi.<\/li>\n\n\n\n<li>Gelir ve gider analizi.<\/li>\n\n\n\n<li>Nakit ak\u0131\u015f yap\u0131s\u0131n\u0131n incelenmesi ve gerekli revizyonun yap\u0131lmas\u0131.<\/li>\n\n\n\n<li>Vergi planlamas\u0131.<\/li>\n\n\n\n<li>Yararlan\u0131lacak Devlet Te\u015fviklerinin belirlenmesi ve eylem plan\u0131n\u0131n yap\u0131lmas\u0131.<\/li>\n<\/ul>\n<\/li>\n<\/ul>\n\n\n\n<ul>\n<li><strong>Yat\u0131r\u0131m Stratejileri:<\/strong><ul><li>Varl\u0131k da\u011f\u0131l\u0131m\u0131 ve portf\u00f6y y\u00f6netimi.<\/li><\/ul><ul><li>Uygun yat\u0131r\u0131m ara\u00e7lar\u0131n\u0131n se\u00e7imi.<\/li><\/ul><ul><li>Risk ve getiri analizi.<\/li><\/ul><ul><li>\u0130\u015fletme yat\u0131r\u0131mlar\u0131 ile alternatif yat\u0131r\u0131m ara\u00e7lar\u0131n\u0131n k\u0131yaslanmas\u0131,<\/li><\/ul><ul><li>Yat\u0131r\u0131m geri d\u00f6n\u00fc\u015flerinin izlenmesi ve raporlanmas\u0131.<\/li><\/ul>\n<ul>\n<li>Alternatif yat\u0131r\u0131m \u00f6nerilerinin sunulmas\u0131.<\/li>\n<\/ul>\n<\/li>\n<\/ul>\n\n\n\n<ul>\n<li><strong>Finansal Performans Analizi:<\/strong><ul><li>Finansal raporlar\u0131n incelenmesi ve yorumlanmas\u0131.<\/li><\/ul><ul><li>Mali tablolar\u0131n analizi.<\/li><\/ul><ul><li>K\u00e2rl\u0131l\u0131k, likidite ve finansal sa\u011flaml\u0131k gibi performanslar\u0131n de\u011ferlendirilmesi.<\/li><\/ul>\n<ul>\n<li>Mali analiz sonu\u00e7lar\u0131na g\u00f6re finansal durum iyile\u015ftirme \u00f6neri sunumu<\/li>\n<\/ul>\n<\/li>\n<\/ul>\n\n\n\n<ul>\n<li><strong>Kredi ve Bor\u00e7 Y\u00f6netimi:<\/strong><ul><li>Bor\u00e7lanma stratejilerinin belirlenmesi.<\/li><\/ul><ul><li>Kredi derecelendirme ve finansal kurumlarla ili\u015fkilerin y\u00f6netilmesi.<\/li><\/ul>\n<ul>\n<li>Bor\u00e7lar\u0131 etkin bir \u015fekilde kullanma ve y\u00f6netme stratejileri.<\/li>\n<\/ul>\n<\/li>\n<\/ul>\n\n\n\n<ul>\n<li><strong>Risk Y\u00f6netimi:<\/strong><ul><li>Finansal risklerin belirlenmesi (faiz riski, d\u00f6viz riski, likidite riski vb.).<\/li><\/ul><ul><li>Riskleri azaltma veya y\u00f6netme stratejilerinin geli\u015ftirilmesi.<\/li><\/ul>\n<ul>\n<li>Sigorta ve di\u011fer riskten korunma ara\u00e7lar\u0131n\u0131n de\u011ferlendirilmesi.<\/li>\n<\/ul>\n<\/li>\n<\/ul>\n\n\n\n<ul>\n<li><strong>Maliyet Analizi ve Verimlilik:<\/strong><ul><li>Maliyet yap\u0131lar\u0131n\u0131n analizi.<\/li><\/ul><ul><li>Verimlilik art\u0131r\u0131c\u0131 \u00f6nlemlerin belirlenmesi.<\/li><\/ul><ul><li>Maliyet avantaj\u0131 sa\u011flayacak stratejilerin olu\u015fturulmas\u0131.<\/li><\/ul>\n<ul>\n<li>Kara ge\u00e7i\u015f ve Ba\u015fa ba\u015f noktas\u0131n\u0131n tespiti<\/li>\n<\/ul>\n<\/li>\n<\/ul>\n\n\n\n<ul>\n<li><strong>Uyumluluk ve Denetim:<\/strong><ul><li>Finansal raporlama standartlar\u0131na uyumun sa\u011flanmas\u0131.<\/li><\/ul><ul><li>\u0130\u00e7 ve d\u0131\u015f denetimlere haz\u0131rl\u0131k.<\/li><\/ul>\n<ul>\n<li>Yasal d\u00fczenlemelere ve vergi y\u00fck\u00fcml\u00fcl\u00fcklerine uyum.<\/li>\n<\/ul>\n<\/li>\n<\/ul>\n\n\n\n<ul>\n<li><strong>E\u011fitim ve Bilgi Transferi ve Dijital d\u00f6n\u00fc\u015f\u00fcm:<\/strong><ul><li>Finansal Okur Y\u00f6netici e\u011fitimlerinin verilmesi:<\/li><\/ul><ul><li>\u015eirket personeline finansal konularda e\u011fitim ve dan\u0131\u015fmanl\u0131k sa\u011flanmas\u0131.<\/li><\/ul><ul><li>Finansal stratejilerin ve s\u00fcre\u00e7lerin \u015firket i\u00e7inde payla\u015f\u0131lmas\u0131.<\/li><\/ul><ul><li>Mali i\u015fler ve finans verilerinin analitik ve y\u00f6netim raporlamas\u0131na hizmet edecek bir \u015fekilde yapay zeka makine \u00f6\u011frenilmesi, veri madencili\u011fi, veri analizleri proje s\u00fcrecinin i\u00e7ine d\u00e2hil edildi\u011fi dijital d\u00f6n\u00fc\u015f\u00fcm teknolojilerinin de mali i\u015fler d\u00f6n\u00fc\u015f\u00fcm\u00fcne hizmet etmesini sa\u011fl\u0131yoruz.<\/li><\/ul>\n<ul>\n<li>Proje teslimi.<\/li>\n<\/ul>\n<\/li>\n<\/ul>\n\n\n\n<p><strong>Bu s\u00fcre\u00e7ler, bir finansal dan\u0131\u015fmanl\u0131\u011f\u0131m\u0131z\u0131n genel olarak \u015firketlere sa\u011flayabilece\u011fi hizmetleri kapsamaktad\u0131r. Ancak her \u015firketin ve kurumun ihtiya\u00e7lar\u0131 farkl\u0131 oldu\u011fundan, dan\u0131\u015fmanl\u0131k s\u00fcre\u00e7leri ilgili \u015firket ve kuruma \u00a0g\u00f6re farkl\u0131l\u0131k g\u00f6sterecektir.<\/strong><\/p>\n\n\n\n<p><\/p>\n\n\n\n<p><strong>Y\u00d6NET\u0130M DANI\u015eMANLI\u011eI<\/strong><\/p>\n\n\n\n<ul>\n<li>Kurum k\u00fclt\u00fcr\u00fcn\u00fcn \u00e7\u0131kart\u0131lmas\u0131<\/li>\n\n\n\n<li>Y\u00f6netim ve icra kurullar\u0131n\u0131n olu\u015fturulmas\u0131<\/li>\n\n\n\n<li>Y\u00f6netim tekniklerinin m\u00fczekkeresi<\/li>\n\n\n\n<li>G\u00f6rev analizlerinin yap\u0131lmas\u0131<\/li>\n\n\n\n<li>Lider kadrosuna gerekli e\u011fitimler verilmesi<\/li>\n\n\n\n<li>Ekip geli\u015ftirme \u00e7al\u0131\u015fmalar\u0131n\u0131n yap\u0131lmas\u0131<\/li>\n\n\n\n<li>Tak\u0131m ko\u00e7luk uygulamas\u0131<\/li>\n\n\n\n<li>Toplant\u0131 ment\u00f6rl\u00fcklerinin yap\u0131lmas\u0131d\u0131r.<\/li>\n<\/ul>\n\n\n\n<p><\/p>\n\n\n\n<p><strong>\u0130NSAN KAYNAKLARI DANI\u015eMANLI\u011eI<\/strong><\/p>\n\n\n\n<ul>\n<li>\u0130s\u0327 analizlerinin yap\u0131lmas\u0131<\/li>\n\n\n\n<li>G\u00f6rev tan\u0131mlar\u0131n\u0131n haz\u0131rlanmas\u0131<\/li>\n\n\n\n<li>Organizasyon semas\u0131n\u0131n&nbsp;olu\u015fturulmas\u0131<\/li>\n\n\n\n<li>Personel memnuniyeti anketi<\/li>\n\n\n\n<li>\u0130\u0307\u015fe al\u0131m sisteminin kurulmas\u0131<\/li>\n\n\n\n<li>\u00dccret&nbsp;ara\u015ft\u0131rmas\u0131<\/li>\n\n\n\n<li>\u00dccret ve yan haklar sisteminin olu\u015fturulmas\u0131<\/li>\n\n\n\n<li>Norm kadro \u00e7al\u0131\u015fmas\u0131<\/li>\n\n\n\n<li>Kariyer planlama sistemi kurulmas\u0131<\/li>\n\n\n\n<li>Performans sisteminin kurulmas\u0131<\/li>\n\n\n\n<li>Kurum analizi yap\u0131larak e\u011fitim sisteminin kurulmas\u0131<\/li>\n\n\n\n<li>\u00d6d\u00fcl ve uyar\u0131 sisteminin olu\u015fturulmas\u0131<\/li>\n\n\n\n<li>\u0130\u0307K y\u00f6netmeli\u011finin haz\u0131rlanmas\u0131 (k\u0131yafet y\u00f6netmeli\u011fi, \u015firket kurallar\u0131, vs.)<\/li>\n\n\n\n<li>Kurum K\u00fclt\u00fcr\u00fc\u0308 analizi<\/li>\n\n\n\n<li>\u0130nsan kaynaklar\u0131 biriminin kurulmas\u0131 ve I\u0307K ekibinin olu\u015fturulmas\u0131,&nbsp;<\/li>\n<\/ul>\n\n\n\n<p><strong>KURUMSAL \u0130LET\u0130\u015e\u0130M VE MARKALA\u015eMA DANI\u015eMANLI\u011eI<\/strong><\/p>\n\n\n\n<ul>\n<li>Markan\u0131n stratejisini istikrarl\u0131 bir \u015fekilde s\u00fcrd\u00fcrmesi i\u00e7in t\u00fcm pazarlama faaliyetlerinin planlanmas\u0131, b\u00fct\u00e7elenmesi ve y\u00f6netimi,<\/li>\n\n\n\n<li>Ajanslarla yu\u0308ru\u0308tu\u0308len tasar\u0131m faaliyetlerinde do\u011fru is\u0327 ortaklar\u0131n\u0131n bulunmas\u0131, ortaya \u00e7\u0131kan&nbsp;i\u015flerin markaya uygunlu\u011funa&nbsp;dan\u0131\u015fmanl\u0131k verilmesi,<\/li>\n\n\n\n<li>Ar-Ge \u00e7al\u0131\u015fmalar\u0131nda uygun Ara\u015ft\u0131rma ve Geli\u015ftirme modelinin icad\u0131, is\u0327 orta\u011f\u0131n\u0131n bulunmas\u0131, e\u011fitimlerinin verilmesi ve sonu\u00e7lar\u0131n analizi.<\/li>\n\n\n\n<li>\u0130\u015fletme d\u0131\u015f\u0131 gelen teklifin (medya sat\u0131n alma, sponsorluk vb.) de\u011ferlendirilmesi ve uzman g\u00f6r\u00fc\u015f\u00fc verilmesi,<\/li>\n\n\n\n<li>Rakiplerin pazarlama faaliyetlerinin takip edilmesi ve y\u00f6nlendirilmesi,<\/li>\n\n\n\n<li>Yeni urun ya da hizmetlerle ilgili fikirler geli\u015ftirilmesi, ortaya \u00e7\u0131kan fikirlerin de\u011ferlendirilmesi,<\/li>\n\n\n\n<li>Kanal ili\u015fkilerinin&nbsp;y\u00f6netilmesi, ticari pazarlama faaliyetlerinin su\u0308rdu\u0308ru\u0308lmesi (bayi promosyonlar\u0131, o\u0308du\u0308ller vb.)&nbsp;<\/li>\n<\/ul>\n\n\n\n<p><strong>YEN\u0130 MARKA OLU\u015eTURMA<\/strong><\/p>\n\n\n\n<p>1.Yeni bir urun piyasaya s\u00fcr\u00fclmeden pazar\u0131n analiz edilmesi,<\/p>\n\n\n\n<ul>\n<li><strong>M\u00fc<\/strong><strong>\u015f<\/strong><strong>t<\/strong><strong>e<\/strong><strong>ri<\/strong><strong>&nbsp;<\/strong><strong>analizi: <\/strong>Potansiyel hedef kitlenin beklenti ve ihtiya\u00e7lar\u0131n\u0131n&nbsp;tespiti,<\/li>\n\n\n\n<li><strong>Rakip analizi:<\/strong> Rakiplerin stratejilerinin, \u00fcr\u00fcnlerinin ve di\u011fer \u00f6zelliklerinin&nbsp;analiz edilmesi,<\/li>\n\n\n\n<li><strong>Pazar analizi:<\/strong> Pazar\u0131n evriminin, trendlerinin ve Pazar\u0131 tetikleyen parametrelerin analiz edilmesi,<\/li>\n\n\n\n<li><strong>\u0130<\/strong><strong>\u00e7<\/strong><strong> analiz:<\/strong> Markan\u0131n kendi \u00f6zelliklerinin analiz edilmesi<\/li>\n<\/ul>\n\n\n\n<p>2.Pazar haritas\u0131n\u0131n \u00e7\u0131kar\u0131larak rakiplerin pozisyonlar\u0131n\u0131n belirlenmesi ve pazarda uygun bo\u015flu\u011fun&nbsp;ara\u015ft\u0131r\u0131lmas\u0131,<\/p>\n\n\n\n<p>3.Pazarda bulunan bo\u015flu\u011fa uygun marka vaadinin ve s\u00f6yleminin ortaya \u00e7\u0131kar\u0131lmas\u0131,<\/p>\n\n\n\n<p>4.Marka Anayasas\u0131(tm)\u2019n\u0131n&nbsp;haz\u0131rlanarak kurallar\u0131n belirlenmesi,<\/p>\n\n\n\n<p>5.Marka stratejisinin hayat bulmas\u0131 ic\u0327in yap\u0131lmas\u0131 gereken yap\u0131sal de\u011fi\u015fikliklerin&nbsp;tespiti,<\/p>\n\n\n\n<p>6.Ajanslara gerekli duyurular verilerek yeni markan\u0131n kimli\u011finin&nbsp;do\u011fru bir \u015fekilde ortaya \u00e7\u0131kmas\u0131n\u0131n&nbsp;sa\u011flanmas\u0131,<\/p>\n\n\n\n<p><strong>SATI\u015e VE PAZARLAMA DANI\u015eMANLI\u011eI<\/strong><\/p>\n\n\n\n<ol type=\"1\">\n<li>Mevcut sat\u0131\u015f ekibinin incelenmesi ve durum analizi<\/li>\n\n\n\n<li>Sat\u0131\u015f ekibinin yeniden yap\u0131land\u0131r\u0131lmas\u0131 veya yenilenmesi<\/li>\n\n\n\n<li>Sat\u0131\u015f operasyon sisteminin olu\u015fturulmas\u0131<\/li>\n\n\n\n<li>Sat\u0131\u015f ekibinin proje e\u011fitimi<\/li>\n\n\n\n<li>Sat\u0131\u015f hedeflerinin belirlenmesi<\/li>\n\n\n\n<li>Sat\u0131\u015f prim sisteminin olu\u015fturulmas\u0131<\/li>\n\n\n\n<li>Sat\u0131\u015f takip ve raporlama sisteminin te\u015fkili<\/li>\n\n\n\n<li>Sat\u0131\u015f performans \u00f6l\u00e7\u00fcm sisteminin olu\u015fturulmas\u0131<\/li>\n\n\n\n<li>Sat\u0131\u015f ekibine temel ve ileri d\u00fczey e\u011fitimlerin verilmesi<\/li>\n<\/ol>\n\n\n\n<p><strong>KVKK ( K\u0130\u015e\u0130SEL VER\u0130LER\u0130N KORUNMASI KANUNU) DANI\u015eMANLI\u011eI<\/strong><\/p>\n\n\n\n<p>Anayasan\u0131n 20. maddesine eklenen f\u0131kra ile (2010 y\u0131l\u0131nda 5982 say\u0131l\u0131 Kanunla), ki\u015filerin kendisiyle ilgili verilerin korunmas\u0131n\u0131 isteme hakk\u0131 anayasal teminat alt\u0131na al\u0131nm\u0131\u015ft\u0131r. 01. May\u0131s 2016 tarihinde y\u00fcr\u00fcrl\u00fc\u011fe giren 6698 say\u0131l\u0131 Ki\u015fisel Verilerin Korunmas\u0131 Kanunu kapsam\u0131nda; kanunun uygulanmas\u0131 ve gerekliliklerin yerine getirilmesinin sa\u011flanmas\u0131 do\u011frultusunda sa\u011flad\u0131\u011f\u0131m\u0131z hizmetlerdir. <\/p>\n\n\n\n<p>KVKK dan\u0131\u015fmanl\u0131\u011f\u0131 ile,  <\/p>\n\n\n\n<ul>\n<li>S\u00f6zle\u015fmelerin yenilenmesini, <\/li>\n<\/ul>\n\n\n\n<ul>\n<li>Veri envanteri ve analizini, <\/li>\n<\/ul>\n\n\n\n<ul>\n<li>Ayd\u0131nlatma ve bilgilendirme metinlerini, <\/li>\n<\/ul>\n\n\n\n<ul>\n<li>VERB\u0130S kay\u0131t sistemini, <\/li>\n<\/ul>\n\n\n\n<ul>\n<li>Hukuki s\u00fcre\u00e7leri ve e\u011fitimleri <\/li>\n<\/ul>\n\n\n\n<p>kapsayan bir hizmet sunulmaktad\u0131r. <\/p>\n\n\n\n<p> <a href=\"https:\/\/www.tmddanismanlik.com\/index.php\/destekler\/\">Destekler i\u00e7in devam edin<\/a><\/p>\n\n\n\n<p><a href=\"https:\/\/www.tmddanismanlik.com\/index.php\/yonetici-egitimleri\/\">Y\u00f6netici E\u011fitimleri i\u00e7in devam edin<\/a><\/p>\n","protected":false},"excerpt":{"rendered":"<p>Kurumumuzda yer alan akademisyenlerimiz ile sizlerin kurumsal olarak ihtiya\u00e7 duydu\u011fu her t\u00fcrl\u00fc profesyonel deste\u011fi de vermekteyiz: F\u0130NANSAL DANI\u015eMANLIK \u015eirketler Grubu ve Holding stat\u00fcs\u00fcndeki m\u00fc\u015fterilerimize\u00a0Finansal Dan\u0131\u015fmanl\u0131k Hizmetleri\u00a0kapsam\u0131nda a\u015fa\u011f\u0131daki \u00e7\u00f6z\u00fcmleri sunar\u0131z.\u015eirketlerin\u00a0finansal\u00a0a\u00e7\u0131dan de\u011ferlendirilerek en uygun y\u00f6netim stratejisinin belirlenmesi konusunda dan\u0131\u015fmanl\u0131k verilmesi,\u00a0 Finans S\u00fcre\u00e7lerinin Verimlili\u011fi ve mevcut sermayenin ve&nbsp;finansal&nbsp;kaynaklar\u0131n verimli ve karl\u0131&nbsp;finansal&nbsp;ara\u00e7larda de\u011ferlendirilmesi konusunda firma ortak ve yetkililerinin y\u00f6nlendirilmesi,<\/p>\n<p><a href=\"https:\/\/www.tmddanismanlik.com\/index.php\/danismanlik\/\" class=\"more-link\">Daha fazlas\u0131n\u0131 oku<\/a><\/p>\n","protected":false},"author":1,"featured_media":0,"parent":0,"menu_order":0,"comment_status":"closed","ping_status":"closed","template":"","meta":[],"_links":{"self":[{"href":"https:\/\/www.tmddanismanlik.com\/index.php\/wp-json\/wp\/v2\/pages\/126"}],"collection":[{"href":"https:\/\/www.tmddanismanlik.com\/index.php\/wp-json\/wp\/v2\/pages"}],"about":[{"href":"https:\/\/www.tmddanismanlik.com\/index.php\/wp-json\/wp\/v2\/types\/page"}],"author":[{"embeddable":true,"href":"https:\/\/www.tmddanismanlik.com\/index.php\/wp-json\/wp\/v2\/users\/1"}],"replies":[{"embeddable":true,"href":"https:\/\/www.tmddanismanlik.com\/index.php\/wp-json\/wp\/v2\/comments?post=126"}],"version-history":[{"count":11,"href":"https:\/\/www.tmddanismanlik.com\/index.php\/wp-json\/wp\/v2\/pages\/126\/revisions"}],"predecessor-version":[{"id":303,"href":"https:\/\/www.tmddanismanlik.com\/index.php\/wp-json\/wp\/v2\/pages\/126\/revisions\/303"}],"wp:attachment":[{"href":"https:\/\/www.tmddanismanlik.com\/index.php\/wp-json\/wp\/v2\/media?parent=126"}],"curies":[{"name":"wp","href":"https:\/\/api.w.org\/{rel}","templated":true}]}}