{"id":140,"date":"2020-08-20T18:48:37","date_gmt":"2020-08-20T18:48:37","guid":{"rendered":"http:\/\/www.tmddanismanlik.com\/?page_id=140"},"modified":"2023-04-13T16:36:52","modified_gmt":"2023-04-13T16:36:52","slug":"yazilim","status":"publish","type":"page","link":"https:\/\/www.tmddanismanlik.com\/index.php\/yazilim\/","title":{"rendered":"Yaz\u0131l\u0131m"},"content":{"rendered":"\n<p>Her sekt\u00f6rde farkl\u0131 i\u015fleyi\u015f \u015fekilleri ve bu i\u015fleyi\u015flerden kaynaklanan farkl\u0131 sorunlar ile kar\u015f\u0131la\u015f\u0131lmaktad\u0131r. \u0130\u00e7inde bulundu\u011fumuz \u00e7a\u011fda yaz\u0131l\u0131m kaynakl\u0131 \u00e7\u00f6z\u00fcmler insan hayat\u0131n\u0131n her a\u015famas\u0131nda bulunmakta olup ya\u015fam\u0131n ayr\u0131lmaz bir par\u00e7as\u0131 haline gelmi\u015ftir. \u00d6zellikle mobil teknolojiler g\u00fcnl\u00fck hayat\u0131n vazge\u00e7ilmezi oldu\u011fu g\u00fcnden bug\u00fcne bir\u00e7ok ki\u015fisel ve kurumsal hayattaki s\u00fcre\u00e7ler bu teknolojiler ile bunlara hayat veren uygulamalar sayesinde yap\u0131l\u0131r hale geldi. Dolay\u0131s\u0131yla i\u015fleri i\u00e7in yaz\u0131l\u0131m kullanmayan veya ihtiyac\u0131na cevap verecek olan yaz\u0131l\u0131mlar\u0131 kullanmayan \u015firketlerin g\u00fcn\u00fcm\u00fcz d\u00fcnyas\u0131nda ilerlemesi ve rakipleri ile rekabet edebilir olmas\u0131 art\u0131k \u00e7ok zor.<\/p>\n\n\n\n<p>Her sekt\u00f6rde farkl\u0131 i\u015fleyi\u015f \u015fekilleri ve bu sekt\u00f6rlere \u00f6zg\u00fc \u00e7al\u0131\u015fma hayat\u0131na h\u0131z katacak, s\u00fcre\u00e7leri kolayla\u015ft\u0131racak yaz\u0131l\u0131m uygulamalar\u0131na ihtiya\u00e7 duyulabilmektedir. Piyasaya s\u00fcr\u00fclm\u00fc\u015f paket programlar belli \u00f6l\u00e7\u00fclerde ihtiya\u00e7lar\u0131 kar\u015f\u0131lasa da her organizasyonun yap\u0131s\u0131, i\u015fleyi\u015fi ve \u00f6ncelikleri farkl\u0131 oldu\u011fundan size \u00f6zel yaz\u0131l\u0131mlar\u0131n geli\u015ftirilmesinin do\u011fru oldu\u011funa inan\u0131yoruz.  <\/p>\n\n\n\n<p>TMD \u015firketinizin ihtiya\u00e7 duydu\u011fu yaz\u0131l\u0131mlar\u0131n geli\u015ftirilmesinde h\u0131zl\u0131 \u00e7\u00f6z\u00fcmler sunacak kadrolara sahiptir. <\/p>\n","protected":false},"excerpt":{"rendered":"<p>Her sekt\u00f6rde farkl\u0131 i\u015fleyi\u015f \u015fekilleri ve bu i\u015fleyi\u015flerden kaynaklanan farkl\u0131 sorunlar ile kar\u015f\u0131la\u015f\u0131lmaktad\u0131r. \u0130\u00e7inde bulundu\u011fumuz \u00e7a\u011fda yaz\u0131l\u0131m kaynakl\u0131 \u00e7\u00f6z\u00fcmler insan hayat\u0131n\u0131n her a\u015famas\u0131nda bulunmakta olup ya\u015fam\u0131n ayr\u0131lmaz bir par\u00e7as\u0131 haline gelmi\u015ftir. \u00d6zellikle mobil teknolojiler g\u00fcnl\u00fck hayat\u0131n vazge\u00e7ilmezi oldu\u011fu g\u00fcnden bug\u00fcne bir\u00e7ok ki\u015fisel ve kurumsal hayattaki s\u00fcre\u00e7ler bu teknolojiler ile bunlara hayat veren uygulamalar sayesinde yap\u0131l\u0131r<\/p>\n<p><a href=\"https:\/\/www.tmddanismanlik.com\/index.php\/yazilim\/\" class=\"more-link\">Daha fazlas\u0131n\u0131 oku<\/a><\/p>\n","protected":false},"author":1,"featured_media":0,"parent":0,"menu_order":0,"comment_status":"closed","ping_status":"closed","template":"","meta":[],"_links":{"self":[{"href":"https:\/\/www.tmddanismanlik.com\/index.php\/wp-json\/wp\/v2\/pages\/140"}],"collection":[{"href":"https:\/\/www.tmddanismanlik.com\/index.php\/wp-json\/wp\/v2\/pages"}],"about":[{"href":"https:\/\/www.tmddanismanlik.com\/index.php\/wp-json\/wp\/v2\/types\/page"}],"author":[{"embeddable":true,"href":"https:\/\/www.tmddanismanlik.com\/index.php\/wp-json\/wp\/v2\/users\/1"}],"replies":[{"embeddable":true,"href":"https:\/\/www.tmddanismanlik.com\/index.php\/wp-json\/wp\/v2\/comments?post=140"}],"version-history":[{"count":1,"href":"https:\/\/www.tmddanismanlik.com\/index.php\/wp-json\/wp\/v2\/pages\/140\/revisions"}],"predecessor-version":[{"id":142,"href":"https:\/\/www.tmddanismanlik.com\/index.php\/wp-json\/wp\/v2\/pages\/140\/revisions\/142"}],"wp:attachment":[{"href":"https:\/\/www.tmddanismanlik.com\/index.php\/wp-json\/wp\/v2\/media?parent=140"}],"curies":[{"name":"wp","href":"https:\/\/api.w.org\/{rel}","templated":true}]}}