{"id":188,"date":"2023-03-28T13:22:28","date_gmt":"2023-03-28T13:22:28","guid":{"rendered":"https:\/\/www.tmddanismanlik.com\/?page_id=188"},"modified":"2023-04-15T12:44:40","modified_gmt":"2023-04-15T12:44:40","slug":"3d-lazer-tarama","status":"publish","type":"page","link":"https:\/\/www.tmddanismanlik.com\/index.php\/3d-lazer-tarama\/","title":{"rendered":"3D Lazer Tarama"},"content":{"rendered":"\n<figure class=\"wp-block-gallery has-nested-images columns-default is-cropped wp-block-gallery-1 is-layout-flex\">\n<figure class=\"wp-block-image size-large\"><img decoding=\"async\" loading=\"lazy\" width=\"815\" height=\"397\" data-id=\"279\"  src=\"https:\/\/www.tmddanismanlik.com\/wp-content\/uploads\/2023\/04\/Ev.jpg\" alt=\"\" class=\"wp-image-279\" srcset=\"https:\/\/www.tmddanismanlik.com\/wp-content\/uploads\/2023\/04\/Ev.jpg 815w, https:\/\/www.tmddanismanlik.com\/wp-content\/uploads\/2023\/04\/Ev-300x146.jpg 300w, https:\/\/www.tmddanismanlik.com\/wp-content\/uploads\/2023\/04\/Ev-768x374.jpg 768w\" sizes=\"(max-width: 815px) 100vw, 815px\" \/><\/figure>\n\n\n\n<figure class=\"wp-block-image size-large\"><img decoding=\"async\" loading=\"lazy\" width=\"529\" height=\"346\" data-id=\"280\"  src=\"https:\/\/www.tmddanismanlik.com\/wp-content\/uploads\/2023\/04\/survey.jpg\" alt=\"\" class=\"wp-image-280\" srcset=\"https:\/\/www.tmddanismanlik.com\/wp-content\/uploads\/2023\/04\/survey.jpg 529w, https:\/\/www.tmddanismanlik.com\/wp-content\/uploads\/2023\/04\/survey-300x196.jpg 300w\" sizes=\"(max-width: 529px) 100vw, 529px\" \/><\/figure>\n\n\n\n<figure class=\"wp-block-image size-large\"><img decoding=\"async\" loading=\"lazy\" width=\"1005\" height=\"482\" data-id=\"281\"  src=\"https:\/\/www.tmddanismanlik.com\/wp-content\/uploads\/2023\/04\/vessels1.jpg\" alt=\"\" class=\"wp-image-281\" srcset=\"https:\/\/www.tmddanismanlik.com\/wp-content\/uploads\/2023\/04\/vessels1.jpg 1005w, https:\/\/www.tmddanismanlik.com\/wp-content\/uploads\/2023\/04\/vessels1-300x144.jpg 300w, https:\/\/www.tmddanismanlik.com\/wp-content\/uploads\/2023\/04\/vessels1-768x368.jpg 768w\" sizes=\"(max-width: 1005px) 100vw, 1005px\" \/><\/figure>\n\n\n\n<figure class=\"wp-block-image size-large\"><img decoding=\"async\" loading=\"lazy\" width=\"717\" height=\"431\" data-id=\"282\"  src=\"https:\/\/www.tmddanismanlik.com\/wp-content\/uploads\/2023\/04\/Tank.jpg\" alt=\"\" class=\"wp-image-282\" srcset=\"https:\/\/www.tmddanismanlik.com\/wp-content\/uploads\/2023\/04\/Tank.jpg 717w, https:\/\/www.tmddanismanlik.com\/wp-content\/uploads\/2023\/04\/Tank-300x180.jpg 300w\" sizes=\"(max-width: 717px) 100vw, 717px\" \/><\/figure>\n<\/figure>\n\n\n\n<p><\/p>\n\n\n\n<figure class=\"wp-block-gallery has-nested-images columns-default is-cropped wp-block-gallery-3 is-layout-flex\"><\/figure>\n\n\n\n<div class=\"wp-block-group is-layout-constrained\"><div class=\"wp-block-group__inner-container\"><\/div><\/div>\n\n\n\n<p><strong>3D Lazer Tarama Nedir?<\/strong><br>3D Lazer Tarama ya da LIDAR ( Light Detection and Ranging), 3 boyutlu veri toplamak i\u00e7in bir y\u00fczey \u00fczerine yans\u0131t\u0131c\u0131 olmaks\u0131z\u0131n, do\u011frudan lazer \u0131\u015f\u0131n\u0131 g\u00f6nderme i\u015flemidir. Y\u00fczey verisi, 3 boyutlu noktalar\u0131 kaydeden lazer taray\u0131c\u0131ya monte edilmi\u015f bir kamera taraf\u0131ndan yakalan\u0131r. Toplanan 3 boyutlu veri noktalar\u0131, incelenen y\u00fczeyi temsil eden bir nokta bulutu olu\u015fturmak i\u00e7in derlenir.<\/p>\n\n\n\n<p>Nokta bulutlar\u0131, sinyal yo\u011funlu\u011fu d\u00f6n\u00fc\u015f\u00fc ile ba\u011flant\u0131l\u0131 olarak olarak de\u011fi\u015fik renklerde g\u00f6r\u00fcnebilir ya da dijital bir kamerayla ger\u00e7ek renkte g\u00f6r\u00fcnt\u00fclenebilir. Bu teknik sayesinde, eri\u015filmesi g\u00fc\u00e7 olan y\u00fczeyler, karma\u015f\u0131k geometrik detayl\u0131 cisimler ya da i\u015f sa\u011fl\u0131\u011f\u0131 ve g\u00fcvenli\u011fi nedeniyle yap\u0131lmas\u0131 tehlikeli olan \u00f6l\u00e7\u00fcm i\u015flerinde h\u0131zl\u0131, hassas ve g\u00fcvenli bir \u00e7\u00f6z\u00fcm sa\u011flan\u0131r. <\/p>\n\n\n\n<p><strong>3D Lazer Taraman\u0131n Avantajlar\u0131 Nelerdir?<\/strong><br>Lazer tarama sahada yap\u0131lan \u00f6l\u00e7\u00fcm i\u015flerinde h\u0131z kazand\u0131rd\u0131\u011f\u0131 gibi toplanan ham veri \u00fczerinde tekrar tekrar inceleme ve \u00e7al\u0131\u015fma imkan\u0131 sa\u011flar. Bu sayede maliyet ve do\u011fruluk en kolay \u015fekilde elde edilmi\u015f olur. <\/p>\n\n\n\n<p><strong>3D Lazer Tarama ile Biz Neler Yap\u0131yoruz?<\/strong><\/p>\n\n\n\n<p><strong>Topo\u011frafik \u0130htiya\u00e7lar i\u00e7in \u00c7\u00f6z\u00fcmler<\/strong><\/p>\n\n\n\n<p>Y\u00fcksek do\u011fruluk ve d\u00fc\u015f\u00fck maliyet ile yery\u00fcz\u00fc haritalama \u00e7al\u0131\u015fmalar\u0131nda rekabet\u00e7i \u00e7\u00f6z\u00fcmler sunuyoruz. \u0130htiya\u00e7 duyulan t\u00fcm harita \u00e7al\u0131\u015fmalar\u0131nda, toprak i\u015flerinde ya da i\u015f g\u00fcvenli\u011fi hassasiyetlerinin \u00f6n planda oldu\u011fu i\u015flerde h\u0131zl\u0131 \u00e7\u00f6z\u00fcmler \u00fcretiyoruz.<\/p>\n\n\n\n<p><strong>End\u00fcstri \u00c7\u00f6z\u00fcmleri<\/strong><\/p>\n\n\n\n<p>B\u00fcy\u00fck hastaneler, boru hatlar\u0131, tanklar, fabrika yap\u0131lar\u0131, silolar ve \u00fcretim hatlar\u0131 gibi end\u00fcstriyel yap\u0131larla ilgili t\u00fcm projelendirme ihtiya\u00e7lar\u0131nda ya da durum tespitlerinde h\u0131zl\u0131 \u00e7\u00f6z\u00fcmler sunabilmekteyiz. <\/p>\n\n\n\n<p><strong>Mimarl\u0131k ve Arkeoloji i\u00e7in \u00c7\u00f6z\u00fcmler<\/strong><\/p>\n\n\n\n<p>Mimarlar\u0131n ihtiya\u00e7 duydu\u011fu t\u00fcm durumlarda, bina modelleme, kent dokusu, tasar\u0131m, restorasyon,  ve arkeolojik \u00e7al\u0131\u015fmalarda ihtiya\u00e7 duyulan veri toplama s\u00fcre\u00e7leri y\u00fcr\u00fct\u00fclmektedir. <\/p>\n\n\n\n<p><strong>Enerji Sekt\u00f6r\u00fc \u00c7\u00f6z\u00fcmleri<\/strong><\/p>\n\n\n\n<p>R\u00fczgar enerji santralleri, trib\u00fcnler, enerji iletim hatlar\u0131 ve yap\u0131lar\u0131, baraj setleri, deformasyon analizleri vb. t\u00fcm uygulama ihtiya\u00e7lar\u0131nda h\u0131zl\u0131 \u00e7\u00f6z\u00fcmler sunuyoruz. <\/p>\n\n\n\n<p><strong>Madencilik \u00c7\u00f6z\u00fcmleri<\/strong><\/p>\n\n\n\n<p>Maden sahalar\u0131nda ihtiya\u00e7 duyulan veri toplama i\u015fi s\u0131kl\u0131kla i\u015f g\u00fcvenli\u011fi a\u00e7\u0131s\u0131ndan \u00f6nemli tehlikelerle kar\u015f\u0131la\u015f\u0131lmas\u0131na neden olabilmektedir. 3D lazer tarama ve fotogrametrik y\u00f6ntemler ile y\u00fcksek do\u011fruluk ve b\u00fct\u00e7e dostu \u00e7\u00f6z\u00fcmler sunulabilmektedir.  <\/p>\n\n\n\n<p><strong>Havac\u0131l\u0131k, Denizcilik ve M\u00fchendislik \u00c7\u00f6z\u00fcmleri<\/strong><\/p>\n\n\n\n<p>Hava ara\u00e7lar\u0131 ve deniz ta\u015f\u0131tlar\u0131yla ilgili m\u00fchendislik ihtiya\u00e7lar\u0131nda veri toplamak \u00e7o\u011funlukla kompleks bir hal alabilmektedir. B\u00fcy\u00fck y\u00fczeylerde yap\u0131lan \u00e7al\u0131\u015fmalar tasar\u0131m ve uygulama a\u015famas\u0131nda farkl\u0131l\u0131klar g\u00f6sterebilmektedir.  \u0130malata ili\u015fkin kontrol ve tespitlerin h\u0131zl\u0131 ve do\u011fru \u015fekilde yap\u0131lmas\u0131 3D lazer tarama teknolojisiyle m\u00fcmk\u00fcn olmaktad\u0131r. Deformasyon analizlerinin yap\u0131lmas\u0131 ya da bak\u0131m onar\u0131m \u00e7al\u0131\u015fmalar\u0131nda  da bu teknolojinin kullan\u0131lmas\u0131 ara\u00e7lar\u0131n i\u015fletmeye al\u0131nma s\u00fcre\u00e7lerini dramatik \u00f6l\u00e7\u00fcde k\u0131saltmaktad\u0131r. <\/p>\n\n\n\n<p>Tersine m\u00fchendislik \u00e7al\u0131\u015fmalar\u0131, b\u00fcy\u00fck g\u00f6vdelerin standart olmayan y\u00fczeylerinin tespitinde ve uygulama projesi ile imalat sonras\u0131 kalite kontrol s\u00fcre\u00e7lerinde yine 3d lazer tarama teknolojisiyle daha verimli sonu\u00e7lar edilmesi m\u00fcmk\u00fcnd\u00fcr. <\/p>\n","protected":false},"excerpt":{"rendered":"<p>3D Lazer Tarama Nedir?3D Lazer Tarama ya da LIDAR ( Light Detection and Ranging), 3 boyutlu veri toplamak i\u00e7in bir y\u00fczey \u00fczerine yans\u0131t\u0131c\u0131 olmaks\u0131z\u0131n, do\u011frudan lazer \u0131\u015f\u0131n\u0131 g\u00f6nderme i\u015flemidir. Y\u00fczey verisi, 3 boyutlu noktalar\u0131 kaydeden lazer taray\u0131c\u0131ya monte edilmi\u015f bir kamera taraf\u0131ndan yakalan\u0131r. Toplanan 3 boyutlu veri noktalar\u0131, incelenen y\u00fczeyi temsil eden bir nokta bulutu<\/p>\n<p><a href=\"https:\/\/www.tmddanismanlik.com\/index.php\/3d-lazer-tarama\/\" class=\"more-link\">Daha fazlas\u0131n\u0131 oku<\/a><\/p>\n","protected":false},"author":1,"featured_media":0,"parent":0,"menu_order":0,"comment_status":"closed","ping_status":"closed","template":"","meta":[],"_links":{"self":[{"href":"https:\/\/www.tmddanismanlik.com\/index.php\/wp-json\/wp\/v2\/pages\/188"}],"collection":[{"href":"https:\/\/www.tmddanismanlik.com\/index.php\/wp-json\/wp\/v2\/pages"}],"about":[{"href":"https:\/\/www.tmddanismanlik.com\/index.php\/wp-json\/wp\/v2\/types\/page"}],"author":[{"embeddable":true,"href":"https:\/\/www.tmddanismanlik.com\/index.php\/wp-json\/wp\/v2\/users\/1"}],"replies":[{"embeddable":true,"href":"https:\/\/www.tmddanismanlik.com\/index.php\/wp-json\/wp\/v2\/comments?post=188"}],"version-history":[{"count":19,"href":"https:\/\/www.tmddanismanlik.com\/index.php\/wp-json\/wp\/v2\/pages\/188\/revisions"}],"predecessor-version":[{"id":284,"href":"https:\/\/www.tmddanismanlik.com\/index.php\/wp-json\/wp\/v2\/pages\/188\/revisions\/284"}],"wp:attachment":[{"href":"https:\/\/www.tmddanismanlik.com\/index.php\/wp-json\/wp\/v2\/media?parent=188"}],"curies":[{"name":"wp","href":"https:\/\/api.w.org\/{rel}","templated":true}]}}