{"id":33,"date":"2020-08-20T09:48:53","date_gmt":"2020-08-20T09:48:53","guid":{"rendered":"http:\/\/www.tmddanismanlik.com\/index.php\/about\/"},"modified":"2023-04-13T16:35:51","modified_gmt":"2023-04-13T16:35:51","slug":"about","status":"publish","type":"page","link":"https:\/\/www.tmddanismanlik.com\/index.php\/about\/","title":{"rendered":"Biz Kimiz?"},"content":{"rendered":"\n<blockquote class=\"wp-block-quote\">\nAkademik bilgi ile sekt\u00f6rel tecr\u00fcbeyi bir araya getirir.\n\n\n\n\n\n<p>TMD al\u0131\u015f\u0131lagelmi\u015f bir dan\u0131\u015fmanl\u0131k firmas\u0131 de\u011fildir. Sizi kocaman ofislerde kalabal\u0131k bir \u00e7al\u0131\u015fma ortam\u0131nda kar\u015f\u0131lamay\u0131z. \u0130\u015fletmenizdeki sorunlara \u00e7\u00f6z\u00fcm \u00fcretecek kadrolar bir araya gelerek en uygun \u00e7\u00f6z\u00fcm\u00fc geli\u015ftirmenin yolunu arar.&nbsp; TMD, \u00fcniversitelerdeki g\u00fczide hocalar\u0131m\u0131z\u0131n bilgi ve birikimleri ile farkl\u0131 sekt\u00f6rlerdeki y\u00f6neticilerin deneyimlerini birle\u015ftirir ve sizin i\u00e7in somut \u00e7\u00f6z\u00fcmlere d\u00f6n\u00fc\u015ft\u00fcr\u00fcr. Her organizasyonun ihtiya\u00e7lar\u0131 farkl\u0131d\u0131r. Sizi dinliyor, durumunuzu ya da ger\u00e7ekle\u015ftirmeyi arzu etti\u011finiz projeyi de\u011ferlendirip size \u00f6zel \u00e7\u00f6z\u00fcmler \u00fcretiyoruz. Alan\u0131nda uzman dan\u0131\u015fman kadromuzla g\u00fcn\u00fcm\u00fcz i\u015f d\u00fcnyas\u0131n\u0131n rekabet\u00e7i ortam\u0131nda fark yaratman\u0131z i\u00e7in haz\u0131r\u0131z.<\/p>\n<\/blockquote>\n\n\n\n<p><strong>Vizyonumuz<\/strong><\/p>\n\n\n\n<p>Toplumsal kalk\u0131nman\u0131n pozitif etkilerini b\u00f6lgesel rekabette aktif olarak kullanmak ve kalite unsurunu her alanda tutundurmak vizyonumuzu olu\u015fturmaktad\u0131r.<\/p>\n\n\n\n<p>Profesyonel y\u00f6netim anlay\u0131\u015f\u0131yla, tak\u0131m ruhu ve kurum k\u00fclt\u00fcr\u00fcn\u00fcn g\u00fcc\u00fcn\u00fc ortaya \u00e7\u0131kararak,&nbsp;alan\u0131nda lider bir kurulu\u015f olmak.<\/p>\n\n\n\n<p><strong>Misyonumuz<\/strong><\/p>\n\n\n\n<p>Hayata art\u0131 de\u011fer katmak amac\u0131 ile yer verilecek olan b\u00fct\u00fcn projelere maksimum deste\u011fin sa\u011flanmas\u0131 ve ger\u00e7ekle\u015ftirilmesi a\u015famas\u0131nda gerekli olan akademik ve teknik alt yap\u0131n\u0131n sa\u011flanmas\u0131 misyonumuzdur.<\/p>\n\n\n\n<p>Uluslararas\u0131 standartlarda, ba\u015far\u0131lar yaratacak kurumsal \u00e7\u00f6z\u00fcmler sunmak ve m\u00fc\u015fteri memnuniyeti sa\u011flamak i\u00e7in yer verilecek olan b\u00fct\u00fcn projelere maksimum deste\u011fin sa\u011flanmas\u0131, gerekli olan \u00f6zel sekt\u00f6r ile Akademik birikim ve tecr\u00fcbenin \u00fcniversite-sanayi i\u015fbirli\u011fi projeleriyle uygulamaya d\u00f6n\u00fc\u015ft\u00fcrmek.<\/p>\n\n\n\n<p><strong>De\u011ferlerimiz<\/strong><\/p>\n\n\n\n<ul>\n<li>\u015eeffafl\u0131k\u2026<\/li>\n\n\n\n<li>Toplumsal Fayda\u2026<\/li>\n\n\n\n<li>Hesap Verilebilirlik\u2026<\/li>\n\n\n\n<li>S\u00fcrd\u00fcr\u00fclebilirlik\u2026<\/li>\n\n\n\n<li>Zaman ve Stratejik Y\u00f6netimi\u2026<\/li>\n\n\n\n<li>G\u00fcven Verme\u2026<\/li>\n\n\n\n<li>Uzman Yakla\u015f\u0131m\u2026<\/li>\n\n\n\n<li>Akademik Ekibinin G\u00fcc\u00fc ve Sinerjisi\u2026<\/li>\n\n\n\n<li>S\u00fcrekli Geli\u015fim ve De\u011fi\u015fim\u2026.<\/li>\n<\/ul>\n","protected":false},"excerpt":{"rendered":"<p>Akademik bilgi ile sekt\u00f6rel tecr\u00fcbeyi bir araya getirir. TMD al\u0131\u015f\u0131lagelmi\u015f bir dan\u0131\u015fmanl\u0131k firmas\u0131 de\u011fildir. Sizi kocaman ofislerde kalabal\u0131k bir \u00e7al\u0131\u015fma ortam\u0131nda kar\u015f\u0131lamay\u0131z. \u0130\u015fletmenizdeki sorunlara \u00e7\u00f6z\u00fcm \u00fcretecek kadrolar bir araya gelerek en uygun \u00e7\u00f6z\u00fcm\u00fc geli\u015ftirmenin yolunu arar.&nbsp; TMD, \u00fcniversitelerdeki g\u00fczide hocalar\u0131m\u0131z\u0131n bilgi ve birikimleri ile farkl\u0131 sekt\u00f6rlerdeki y\u00f6neticilerin deneyimlerini birle\u015ftirir ve sizin i\u00e7in somut \u00e7\u00f6z\u00fcmlere d\u00f6n\u00fc\u015ft\u00fcr\u00fcr.<\/p>\n<p><a href=\"https:\/\/www.tmddanismanlik.com\/index.php\/about\/\" class=\"more-link\">Daha fazlas\u0131n\u0131 oku<\/a><\/p>\n","protected":false},"author":1,"featured_media":0,"parent":0,"menu_order":0,"comment_status":"closed","ping_status":"closed","template":"","meta":[],"_links":{"self":[{"href":"https:\/\/www.tmddanismanlik.com\/index.php\/wp-json\/wp\/v2\/pages\/33"}],"collection":[{"href":"https:\/\/www.tmddanismanlik.com\/index.php\/wp-json\/wp\/v2\/pages"}],"about":[{"href":"https:\/\/www.tmddanismanlik.com\/index.php\/wp-json\/wp\/v2\/types\/page"}],"author":[{"embeddable":true,"href":"https:\/\/www.tmddanismanlik.com\/index.php\/wp-json\/wp\/v2\/users\/1"}],"replies":[{"embeddable":true,"href":"https:\/\/www.tmddanismanlik.com\/index.php\/wp-json\/wp\/v2\/comments?post=33"}],"version-history":[{"count":18,"href":"https:\/\/www.tmddanismanlik.com\/index.php\/wp-json\/wp\/v2\/pages\/33\/revisions"}],"predecessor-version":[{"id":266,"href":"https:\/\/www.tmddanismanlik.com\/index.php\/wp-json\/wp\/v2\/pages\/33\/revisions\/266"}],"wp:attachment":[{"href":"https:\/\/www.tmddanismanlik.com\/index.php\/wp-json\/wp\/v2\/media?parent=33"}],"curies":[{"name":"wp","href":"https:\/\/api.w.org\/{rel}","templated":true}]}}